{"id":370,"date":"2022-12-28T14:32:50","date_gmt":"2022-12-28T14:32:50","guid":{"rendered":"https:\/\/zoppicristina.it\/?page_id=370"},"modified":"2022-12-28T16:33:45","modified_gmt":"2022-12-28T16:33:45","slug":"sostenibilita","status":"publish","type":"page","link":"https:\/\/zoppicristina.it\/?page_id=370","title":{"rendered":"SOSTENIBILIT\u00c0"},"content":{"rendered":"<p>[et_pb_section fb_built=&#8221;1&#8243; fullwidth=&#8221;on&#8221; admin_label=&#8221;Page Header&#8221; _builder_version=&#8221;4.4.5&#8243; background_image=&#8221;https:\/\/zoppicristina.it\/wp-content\/uploads\/2020\/10\/testata01.jpg&#8221; parallax=&#8221;on&#8221; locked=&#8221;off&#8221;][et_pb_fullwidth_header title=&#8221;SOSTENIBILIT\u00c0&#8221; text_orientation=&#8221;center&#8221; button_one_url=&#8221;#&#8221; button_two_url=&#8221;#&#8221; admin_label=&#8221;Hero Section&#8221; _builder_version=&#8221;4.4.5&#8243; title_font=&#8221;|700|||||||&#8221; title_font_size=&#8221;60px&#8221; title_line_height=&#8221;1.4em&#8221; content_font_size=&#8221;22px&#8221; content_line_height=&#8221;1.8em&#8221; subhead_font=&#8221;||||&#8221; background_color=&#8221;rgba(255, 255, 255, 0)&#8221; custom_button_one=&#8221;on&#8221; button_one_text_size=&#8221;16px&#8221; button_one_bg_color=&#8221;#6eba01&#8243; button_one_border_width=&#8221;2px&#8221; button_one_border_color=&#8221;#6eba01&#8243; button_one_border_radius=&#8221;0&#8243; button_one_letter_spacing=&#8221;2&#8243; button_one_font=&#8221;Montserrat|||on|&#8221; button_one_use_icon=&#8221;off&#8221; custom_button_two=&#8221;on&#8221; button_two_text_size=&#8221;16px&#8221; button_two_border_width=&#8221;2px&#8221; button_two_border_color=&#8221;#ffffff&#8221; button_two_border_radius=&#8221;0&#8243; button_two_letter_spacing=&#8221;2&#8243; button_two_font=&#8221;Montserrat|||on|&#8221; button_two_use_icon=&#8221;off&#8221; module_alignment=&#8221;left&#8221; animation_style=&#8221;fade&#8221; button_one_text_color_hover=&#8221;#6eba01&#8243; button_two_text_color_hover=&#8221;#6eba01&#8243; button_one_border_color_hover=&#8221;#ffffff&#8221; button_two_border_color_hover=&#8221;#ffffff&#8221; button_one_border_radius_hover=&#8221;0&#8243; button_two_border_radius_hover=&#8221;0&#8243; button_one_letter_spacing_hover=&#8221;2&#8243; button_two_letter_spacing_hover=&#8221;2&#8243; button_one_bg_color_hover=&#8221;#ffffff&#8221; button_two_bg_color_hover=&#8221;#ffffff&#8221; button_one_text_size__hover_enabled=&#8221;off&#8221; button_two_text_size__hover_enabled=&#8221;off&#8221; button_one_text_color__hover_enabled=&#8221;on&#8221; button_one_text_color__hover=&#8221;#6eba01&#8243; button_two_text_color__hover_enabled=&#8221;on&#8221; button_two_text_color__hover=&#8221;#6eba01&#8243; button_one_border_width__hover_enabled=&#8221;off&#8221; button_two_border_width__hover_enabled=&#8221;off&#8221; button_one_border_color__hover_enabled=&#8221;on&#8221; button_one_border_color__hover=&#8221;#ffffff&#8221; button_two_border_color__hover_enabled=&#8221;on&#8221; button_two_border_color__hover=&#8221;#ffffff&#8221; button_one_border_radius__hover_enabled=&#8221;on&#8221; button_one_border_radius__hover=&#8221;0&#8243; button_two_border_radius__hover_enabled=&#8221;on&#8221; button_two_border_radius__hover=&#8221;0&#8243; button_one_letter_spacing__hover_enabled=&#8221;on&#8221; button_one_letter_spacing__hover=&#8221;2&#8243; button_two_letter_spacing__hover_enabled=&#8221;on&#8221; button_two_letter_spacing__hover=&#8221;2&#8243; button_one_bg_color__hover_enabled=&#8221;on&#8221; button_one_bg_color__hover=&#8221;#ffffff&#8221; button_two_bg_color__hover_enabled=&#8221;on&#8221; button_two_bg_color__hover=&#8221;#ffffff&#8221;]<\/p>\n<p>&nbsp;<\/p>\n<p>&nbsp;<\/p>\n<p>[\/et_pb_fullwidth_header][\/et_pb_section][et_pb_section fb_built=&#8221;1&#8243; admin_label=&#8221;Contact Info&#8221; _builder_version=&#8221;4.4.5&#8243; background_enable_color=&#8221;off&#8221; background_enable_image=&#8221;off&#8221; saved_tabs=&#8221;all&#8221; locked=&#8221;off&#8221;][et_pb_row column_structure=&#8221;2_5,3_5&#8243; _builder_version=&#8221;4.4.5&#8243; custom_margin=&#8221;|740px||auto||&#8221; locked=&#8221;off&#8221;][et_pb_column type=&#8221;2_5&#8243; _builder_version=&#8221;4.4.5&#8243;][et_pb_image src=&#8221;https:\/\/zoppicristina.it\/wp-content\/uploads\/2022\/12\/ETIzoppi.jpg&#8221; title_text=&#8221;ETIzoppi&#8221; _builder_version=&#8221;4.4.5&#8243;][\/et_pb_image][\/et_pb_column][et_pb_column type=&#8221;3_5&#8243; _builder_version=&#8221;4.4.5&#8243;][et_pb_text _builder_version=&#8221;4.4.5&#8243; text_font=&#8221;Open Sans||||||||&#8221; text_text_color=&#8221;#000000&#8243; text_font_size=&#8221;16px&#8221; text_line_height=&#8221;2em&#8221; header_3_text_color=&#8221;#008ad2&#8243; locked=&#8221;off&#8221;]<\/p>\n<h3><strong>ETICHETTATURA AMBIENTALE<\/strong><\/h3>\n<p>[\/et_pb_text][et_pb_text _builder_version=&#8221;4.4.5&#8243; text_font=&#8221;Open Sans||||||||&#8221; text_text_color=&#8221;#000000&#8243; text_font_size=&#8221;16px&#8221; text_line_height=&#8221;1.6em&#8221; custom_margin=&#8221;||||false|false&#8221; locked=&#8221;off&#8221;]<\/p>\n<p>&nbsp;<\/p>\n<p>Parlando di vino solitamente la nostra attenzione si concentra sul prodotto che stiamo per degustare, contenuto in un bicchiere, appena versato da una bottiglia.<\/p>\n<p>Gli addetti ai lavori devono essere attenti alla normativa che regola appunto gli imballaggi e i rifiuti degli imballaggi, quindi appunto alla gestione delle bottiglie e in particolare di\u00a0\u00a0<strong>vetro, carta, capsula, sughero<\/strong>.<\/p>\n<p>Il decreto legislativo del 3 settembre 2020, n. 116, che recepisce la direttiva UE 2018\/851 sui rifiuti, e la direttiva UE 2018\/852 relativa agli imballaggi e ai rifiuti di imballaggio, rende l\u2019etichettatura ambientale obbligatoria per la corretta gestione del rifiuto al termine del suo utilizzo.<\/p>\n<p>Invitiamo pertanto i consumatori a prestare attenzione al corretto smaltimento degli involucri che contengono il nostro vino biologico per minimizzare l&#8217;impatto dopo lo smaltimento dei contenitori nell\u2019ambiente.<\/p>\n<p><strong style=\"font-size: 16px;\">Attenzione<\/strong><span style=\"font-size: 16px;\">: controllate sempre quali siano le disposizioni per lo smaltimento applicate nel vostro Comune<\/span><span style=\"font-size: 16px;\">.\u00a0<\/span><span style=\"font-size: 16px;\">L\u2019utilizzo dei codici \u00e8 volontario. La numerazione e le abbreviazioni che costituiscono ogni codice servono per fornire indicazioni su ciascun materiale costituente il prodotto e quale sia il processo corretto del suo riciclaggio.\u00a0<\/span><span style=\"font-size: 16px;\">Bench\u00e9 i prodotti e i materiali dove compaiono le icone siano tutti teoricamente riciclabili, per alcuni di essi i processi di recupero e trasformazione risultano alquanto difficoltosi e, a volte, economicamente svantaggiosi. Inoltre spesso le diposizioni legislative variano tra un paese e l\u2019altro. Questi sono i motivi per i quali si fa fatica a rendere abitudinario un comportamento etico.<\/span><\/p>\n<p>Il numero inserito all\u2019interno del simbolo corrisponde al codice.<\/p>\n<p><span style=\"font-size: 16px;\">Il vetro \u00e8 riciclabile al 100%, questo significa che, oltre a rappresentare il materiale pi\u00f9 indicato per la conservazione del vino, possiamo utilizzarlo con serenit\u00e0, anche rispetto al suo impatto con l\u2019ambiente.<\/span><\/p>\n<p>Le bottiglie che utilizziamo hanno all\u2019interno del simbolo, il numero\u00a0<strong>GL 71<\/strong>, che corrisponde al riciclo del vetro di colore verde, come quello delle nostre bottiglie (potreste trovare altri simboli relativi al riciclo del vetro: GL70 per il vetro trasparente e GL72 per quelle marroni). I Tappi di sughero <strong>FOR51<\/strong>. Le capsule di plastica e alluminio <strong>C\/ALU90<\/strong>. Le scatole di cartone\u00a0delle bottiglie <strong>PAP20<\/strong>.\u00a0<\/p>\n<p>&nbsp;<\/p>\n<p>&nbsp;<\/p>\n<p>[\/et_pb_text][\/et_pb_column][\/et_pb_row][\/et_pb_section]<\/p>\n","protected":false},"excerpt":{"rendered":"<p>&nbsp; &nbsp;ETICHETTATURA AMBIENTALE&nbsp; Parlando di vino solitamente la nostra attenzione si concentra sul prodotto che stiamo per degustare, contenuto in un bicchiere, appena versato da una bottiglia. Gli addetti ai lavori devono essere attenti alla normativa che regola appunto gli imballaggi e i rifiuti degli imballaggi, quindi appunto alla gestione delle bottiglie e in particolare [&hellip;]<\/p>\n","protected":false},"author":2,"featured_media":0,"parent":0,"menu_order":0,"comment_status":"closed","ping_status":"closed","template":"","meta":{"_et_pb_use_builder":"on","_et_pb_old_content":"","_et_gb_content_width":"","ngg_post_thumbnail":0,"footnotes":""},"class_list":["post-370","page","type-page","status-publish","hentry"],"_links":{"self":[{"href":"https:\/\/zoppicristina.it\/index.php?rest_route=\/wp\/v2\/pages\/370","targetHints":{"allow":["GET"]}}],"collection":[{"href":"https:\/\/zoppicristina.it\/index.php?rest_route=\/wp\/v2\/pages"}],"about":[{"href":"https:\/\/zoppicristina.it\/index.php?rest_route=\/wp\/v2\/types\/page"}],"author":[{"embeddable":true,"href":"https:\/\/zoppicristina.it\/index.php?rest_route=\/wp\/v2\/users\/2"}],"replies":[{"embeddable":true,"href":"https:\/\/zoppicristina.it\/index.php?rest_route=%2Fwp%2Fv2%2Fcomments&post=370"}],"version-history":[{"count":6,"href":"https:\/\/zoppicristina.it\/index.php?rest_route=\/wp\/v2\/pages\/370\/revisions"}],"predecessor-version":[{"id":381,"href":"https:\/\/zoppicristina.it\/index.php?rest_route=\/wp\/v2\/pages\/370\/revisions\/381"}],"wp:attachment":[{"href":"https:\/\/zoppicristina.it\/index.php?rest_route=%2Fwp%2Fv2%2Fmedia&parent=370"}],"curies":[{"name":"wp","href":"https:\/\/api.w.org\/{rel}","templated":true}]}}